{"id":331,"date":"2023-06-16T07:39:30","date_gmt":"2023-06-16T07:39:30","guid":{"rendered":"https:\/\/academiabellesarts.org\/?page_id=331"},"modified":"2023-10-27T08:17:47","modified_gmt":"2023-10-27T08:17:47","slug":"mapa-del-lloc","status":"publish","type":"page","link":"https:\/\/academiabellesarts.org\/esp\/mapa-del-lloc\/","title":{"rendered":"Mapa web"},"content":{"rendered":"<ul class=\"wp-block-page-list\"><li class=\"wp-block-pages-list__item\"><a class=\"wp-block-pages-list__item__link\" href=\"https:\/\/academiabellesarts.org\/esp\/academia-dart-a-sabadell\/\">Academia d&#8217;art a Sabadell<\/a><\/li><li class=\"wp-block-pages-list__item\"><a class=\"wp-block-pages-list__item__link\" href=\"https:\/\/academiabellesarts.org\/esp\/academia-de-belles-arts-a-sabadell\/\">Acad\u00e8mia de Belles Arts a Sabadell<\/a><\/li><li class=\"wp-block-pages-list__item\"><a class=\"wp-block-pages-list__item__link\" href=\"https:\/\/academiabellesarts.org\/esp\/art-sabadell\/\">Art sabadell<\/a><\/li><li class=\"wp-block-pages-list__item\"><a class=\"wp-block-pages-list__item__link\" href=\"https:\/\/academiabellesarts.org\/esp\/classes-de-dibuix-i-pintura-a-sabadell\/\">Classes de dibuix i pintura a Sabadell<\/a><\/li><li class=\"wp-block-pages-list__item\"><a class=\"wp-block-pages-list__item__link\" href=\"https:\/\/academiabellesarts.org\/esp\/classes-de-pintura-a-sabadell\/\">Classes de pintura a Sabadell<\/a><\/li><li class=\"wp-block-pages-list__item\"><a class=\"wp-block-pages-list__item__link\" href=\"https:\/\/academiabellesarts.org\/esp\/cursos-creatius-a-sabadell\/\">Cursos creatius a Sabadell<\/a><\/li><li class=\"wp-block-pages-list__item\"><a class=\"wp-block-pages-list__item__link\" href=\"https:\/\/academiabellesarts.org\/esp\/escola-dibuix-sabadell\/\">Escola dibuix Sabadell<\/a><\/li><li class=\"wp-block-pages-list__item\"><a class=\"wp-block-pages-list__item__link\" href=\"https:\/\/academiabellesarts.org\/esp\/estudi-dart-a-sabadell\/\">Estudi d\u2019art a Sabadell<\/a><\/li><li class=\"wp-block-pages-list__item\"><a class=\"wp-block-pages-list__item__link\" href=\"https:\/\/academiabellesarts.org\/esp\/exposicions-dart-sabadell\/\">Exposicions d\u2019art Sabadell<\/a><\/li><li class=\"wp-block-pages-list__item\"><a class=\"wp-block-pages-list__item__link\" href=\"https:\/\/academiabellesarts.org\/esp\/exposicions-de-pintura-a-sabadell\/\">Exposicions de pintura a Sabadell<\/a><\/li><li class=\"wp-block-pages-list__item\"><a class=\"wp-block-pages-list__item__link\" href=\"https:\/\/academiabellesarts.org\/esp\/exposicions-sabadell\/\">Exposicions Sabadell<\/a><\/li><li class=\"wp-block-pages-list__item\"><a class=\"wp-block-pages-list__item__link\" href=\"https:\/\/academiabellesarts.org\/esp\/galeria-dart-a-sabadell\/\">Galeria d\u2019art a Sabadell<\/a><\/li><li class=\"wp-block-pages-list__item\"><a class=\"wp-block-pages-list__item__link\" href=\"https:\/\/academiabellesarts.org\/esp\/landing-page-ejemplo\/\">Landing Page Ejemplo\u00a0<\/a><\/li><li class=\"wp-block-pages-list__item\"><a class=\"wp-block-pages-list__item__link\" href=\"https:\/\/academiabellesarts.org\/esp\/museu-dart-a-sabadell\/\">Museu d&#8217;art a Sabadell<\/a><\/li><li class=\"wp-block-pages-list__item\"><a class=\"wp-block-pages-list__item__link\" href=\"https:\/\/academiabellesarts.org\/esp\/pintures-sabadell\/\">Pintures Sabadell<\/a><\/li><li class=\"wp-block-pages-list__item\"><a class=\"wp-block-pages-list__item__link\" href=\"https:\/\/academiabellesarts.org\/esp\/prova-taller-o-curs\/\">Prova taller o curs<\/a><\/li><li class=\"wp-block-pages-list__item\"><a class=\"wp-block-pages-list__item__link\" href=\"https:\/\/academiabellesarts.org\/esp\/taller-creatiu-sabadell\/\">Taller creatiu Sabadell<\/a><\/li><li class=\"wp-block-pages-list__item\"><a class=\"wp-block-pages-list__item__link\" href=\"https:\/\/academiabellesarts.org\/esp\/tallers-dart-sabadell\/\">Tallers d&#8217;art Sabadell<\/a><\/li><li class=\"wp-block-pages-list__item\"><a class=\"wp-block-pages-list__item__link\" href=\"https:\/\/academiabellesarts.org\/esp\/teatre-sabadell\/\">Teatre Sabadell<\/a><\/li><li class=\"wp-block-pages-list__item menu-item-home\"><a class=\"wp-block-pages-list__item__link\" href=\"https:\/\/academiabellesarts.org\/esp\/\">Hombre<\/a><\/li><li class=\"wp-block-pages-list__item has-child\"><a class=\"wp-block-pages-list__item__link\" href=\"https:\/\/academiabellesarts.org\/esp\/cursos-i-tallers\/\">Cursos i talleres<\/a><ul class=\"wp-block-navigation__submenu-container\"><li class=\"wp-block-pages-list__item\"><a class=\"wp-block-pages-list__item__link\" href=\"https:\/\/academiabellesarts.org\/esp\/cursos-i-tallers\/ciutat-i-escola\/\">Ciudad y Escuela<\/a><\/li><li class=\"wp-block-pages-list__item\"><a class=\"wp-block-pages-list__item__link\" href=\"https:\/\/academiabellesarts.org\/esp\/cursos-i-tallers\/aula-de-nu\/\">Aula oberta de dibuix de nu<\/a><\/li><li class=\"wp-block-pages-list__item\"><a class=\"wp-block-pages-list__item__link\" href=\"https:\/\/academiabellesarts.org\/esp\/cursos-i-tallers\/descobrim-lart\/\">\u00a1Descubrimos el arte!<\/a><\/li><li class=\"wp-block-pages-list__item\"><a class=\"wp-block-pages-list__item__link\" href=\"https:\/\/academiabellesarts.org\/esp\/cursos-i-tallers\/expressat\/\">Expr\u00e9sate<\/a><\/li><li class=\"wp-block-pages-list__item\"><a class=\"wp-block-pages-list__item__link\" href=\"https:\/\/academiabellesarts.org\/esp\/cursos-i-tallers\/investigacio-artistica\/\">Investigaci\u00f3n art\u00edstica<\/a><\/li><li class=\"wp-block-pages-list__item\"><a class=\"wp-block-pages-list__item__link\" href=\"https:\/\/academiabellesarts.org\/esp\/cursos-i-tallers\/taller-daquarel%c2%b7la\/\">Taller de acuarela<\/a><\/li><li class=\"wp-block-pages-list__item\"><a class=\"wp-block-pages-list__item__link\" href=\"https:\/\/academiabellesarts.org\/esp\/cursos-i-tallers\/taller-de-pintura\/\">Taller de pintura<\/a><\/li><\/ul><\/li><li class=\"wp-block-pages-list__item\"><a class=\"wp-block-pages-list__item__link\" href=\"https:\/\/academiabellesarts.org\/esp\/fes-te-soci\/\">Espai soci\/a<\/a><\/li><li class=\"wp-block-pages-list__item\"><a class=\"wp-block-pages-list__item__link\" href=\"https:\/\/academiabellesarts.org\/esp\/entitats-amigues\/\">Entidades amigas<\/a><\/li><li class=\"wp-block-pages-list__item\"><a class=\"wp-block-pages-list__item__link\" href=\"https:\/\/academiabellesarts.org\/esp\/galeria\/\">Galer\u00eda<\/a><\/li><li class=\"wp-block-pages-list__item\"><a class=\"wp-block-pages-list__item__link\" href=\"https:\/\/academiabellesarts.org\/esp\/historia\/\">Historia<\/a><\/li><li class=\"wp-block-pages-list__item\"><a class=\"wp-block-pages-list__item__link\" href=\"https:\/\/academiabellesarts.org\/esp\/patronat\/\">Patronato<\/a><\/li><li class=\"wp-block-pages-list__item\"><a class=\"wp-block-pages-list__item__link\" href=\"https:\/\/academiabellesarts.org\/esp\/transparencia\/\">Transparencia<\/a><\/li><li class=\"wp-block-pages-list__item\"><a class=\"wp-block-pages-list__item__link\" href=\"https:\/\/academiabellesarts.org\/esp\/equip-huma\/\">Equipo<\/a><\/li><li class=\"wp-block-pages-list__item has-child\"><a class=\"wp-block-pages-list__item__link\" href=\"https:\/\/academiabellesarts.org\/esp\/concerts\/\">Conciertos<\/a><ul class=\"wp-block-navigation__submenu-container\"><li class=\"wp-block-pages-list__item\"><a class=\"wp-block-pages-list__item__link\" href=\"https:\/\/academiabellesarts.org\/esp\/concerts\/festival-sonen\/\">Festival SONEN<\/a><\/li><li class=\"wp-block-pages-list__item\"><a class=\"wp-block-pages-list__item__link\" href=\"https:\/\/academiabellesarts.org\/esp\/concerts\/concerts\/\">Programaci\u00f3n Anual de M\u00fasica Cl\u00e1sica<\/a><\/li><\/ul><\/li><li class=\"wp-block-pages-list__item\"><a class=\"wp-block-pages-list__item__link\" href=\"https:\/\/academiabellesarts.org\/esp\/teatre\/\">Teatro<\/a><\/li><li class=\"wp-block-pages-list__item\"><a class=\"wp-block-pages-list__item__link\" href=\"https:\/\/academiabellesarts.org\/esp\/activitats\/\">Actividades<\/a><\/li><li class=\"wp-block-pages-list__item\"><a class=\"wp-block-pages-list__item__link\" href=\"https:\/\/academiabellesarts.org\/esp\/podcast\/\">Podcast<\/a><\/li><li class=\"wp-block-pages-list__item\"><a class=\"wp-block-pages-list__item__link\" href=\"https:\/\/academiabellesarts.org\/esp\/exposicions\/\">Exposiciones<\/a><\/li><li class=\"wp-block-pages-list__item\"><a class=\"wp-block-pages-list__item__link\" href=\"https:\/\/academiabellesarts.org\/esp\/exposicions-actuals\/\">Exposiciones actuales<\/a><\/li><li class=\"wp-block-pages-list__item\"><a class=\"wp-block-pages-list__item__link\" href=\"https:\/\/academiabellesarts.org\/esp\/exposicions-futures\/\">Exposicions futures<\/a><\/li><li class=\"wp-block-pages-list__item\"><a class=\"wp-block-pages-list__item__link\" href=\"https:\/\/academiabellesarts.org\/esp\/exposicions-passades\/\">Exposicions anteriors<\/a><\/li><li class=\"wp-block-pages-list__item\"><a class=\"wp-block-pages-list__item__link\" href=\"https:\/\/academiabellesarts.org\/esp\/blog-noticies\/\">Blog<\/a><\/li><li class=\"wp-block-pages-list__item\"><a class=\"wp-block-pages-list__item__link\" href=\"https:\/\/academiabellesarts.org\/esp\/contacte\/\">Contacto<\/a><\/li><li class=\"wp-block-pages-list__item\"><a class=\"wp-block-pages-list__item__link\" href=\"https:\/\/academiabellesarts.org\/esp\/events-list-style\/\">Events \u2013 List Style<\/a><\/li><li class=\"wp-block-pages-list__item\"><a class=\"wp-block-pages-list__item__link\" href=\"https:\/\/academiabellesarts.org\/esp\/el-meu-compte\/\">Mi cuenta<\/a><\/li><li class=\"wp-block-pages-list__item\"><a class=\"wp-block-pages-list__item__link\" href=\"https:\/\/academiabellesarts.org\/esp\/finalitza-la-compra\/\">Finaliza la compra<\/a><\/li><li class=\"wp-block-pages-list__item\"><a class=\"wp-block-pages-list__item__link\" href=\"https:\/\/academiabellesarts.org\/esp\/cistella\/\">Cesta<\/a><\/li><li class=\"wp-block-pages-list__item\"><a class=\"wp-block-pages-list__item__link\" href=\"https:\/\/academiabellesarts.org\/esp\/declaracion-de-accesibilidad\/\">Declaraci\u00f3n de accesibilidad<\/a><\/li><li class=\"wp-block-pages-list__item\"><a class=\"wp-block-pages-list__item__link\" href=\"https:\/\/academiabellesarts.org\/esp\/politica-de-cookies\/\">Pol\u00edtica de cookies<\/a><\/li><li class=\"wp-block-pages-list__item\"><a class=\"wp-block-pages-list__item__link\" href=\"https:\/\/academiabellesarts.org\/esp\/politica-de-privacitat\/\">Pol\u00edtica de privacidad<\/a><\/li><li class=\"wp-block-pages-list__item\"><a class=\"wp-block-pages-list__item__link\" href=\"https:\/\/academiabellesarts.org\/esp\/avis-legal\/\">Aviso Legal<\/a><\/li><li class=\"wp-block-pages-list__item\"><a class=\"wp-block-pages-list__item__link\" href=\"https:\/\/academiabellesarts.org\/esp\/mapa-del-lloc\/\">Mapa web<\/a><\/li><\/ul>","protected":false},"excerpt":{"rendered":"","protected":false},"author":1,"featured_media":0,"parent":0,"menu_order":28,"comment_status":"closed","ping_status":"closed","template":"","meta":{"_acf_changed":false,"_kad_blocks_custom_css":"","_kad_blocks_head_custom_js":"","_kad_blocks_body_custom_js":"","_kad_blocks_footer_custom_js":"","_kad_post_transparent":"","_kad_post_title":"","_kad_post_layout":"","_kad_post_sidebar_id":"","_kad_post_content_style":"","_kad_post_vertical_padding":"","_kad_post_feature":"","_kad_post_feature_position":"","_kad_post_header":false,"_kad_post_footer":false,"_kad_post_classname":"","footnotes":""},"class_list":["post-331","page","type-page","status-publish","hentry"],"acf":[],"yoast_head":"<!-- This site is optimized with the Yoast SEO plugin v27.2 - https:\/\/yoast.com\/product\/yoast-seo-wordpress\/ -->\n<title>Mapa del lloc - Acad\u00e8mia de Belles Arts de Sabadell FP<\/title>\n<meta name=\"robots\" content=\"index, follow, max-snippet:-1, max-image-preview:large, max-video-preview:-1\" \/>\n<link rel=\"canonical\" href=\"https:\/\/academiabellesarts.org\/esp\/mapa-del-lloc\/\" \/>\n<meta property=\"og:locale\" content=\"es_ES\" \/>\n<meta property=\"og:type\" content=\"article\" \/>\n<meta property=\"og:title\" content=\"Mapa del lloc - Acad\u00e8mia de Belles Arts de Sabadell FP\" \/>\n<meta property=\"og:url\" content=\"https:\/\/academiabellesarts.org\/esp\/mapa-del-lloc\/\" \/>\n<meta property=\"og:site_name\" content=\"Acad\u00e8mia de Belles Arts de Sabadell FP\" \/>\n<meta property=\"article:modified_time\" content=\"2023-10-27T08:17:47+00:00\" \/>\n<meta name=\"twitter:card\" content=\"summary_large_image\" \/>\n<script type=\"application\/ld+json\" class=\"yoast-schema-graph\">{\"@context\":\"https:\/\/schema.org\",\"@graph\":[{\"@type\":\"WebPage\",\"@id\":\"https:\/\/academiabellesarts.org\/mapa-del-lloc\/\",\"url\":\"https:\/\/academiabellesarts.org\/mapa-del-lloc\/\",\"name\":\"Mapa del lloc - Acad\u00e8mia de Belles Arts de Sabadell FP\",\"isPartOf\":{\"@id\":\"https:\/\/academiabellesarts.org\/#website\"},\"datePublished\":\"2023-06-16T07:39:30+00:00\",\"dateModified\":\"2023-10-27T08:17:47+00:00\",\"breadcrumb\":{\"@id\":\"https:\/\/academiabellesarts.org\/mapa-del-lloc\/#breadcrumb\"},\"inLanguage\":\"es\",\"potentialAction\":[{\"@type\":\"ReadAction\",\"target\":[\"https:\/\/academiabellesarts.org\/mapa-del-lloc\/\"]}]},{\"@type\":\"BreadcrumbList\",\"@id\":\"https:\/\/academiabellesarts.org\/mapa-del-lloc\/#breadcrumb\",\"itemListElement\":[{\"@type\":\"ListItem\",\"position\":1,\"name\":\"Inici\",\"item\":\"https:\/\/academiabellesarts.org\/\"},{\"@type\":\"ListItem\",\"position\":2,\"name\":\"Mapa del lloc\"}]},{\"@type\":\"WebSite\",\"@id\":\"https:\/\/academiabellesarts.org\/#website\",\"url\":\"https:\/\/academiabellesarts.org\/\",\"name\":\"Acad\u00e8mia de Belles Arts de Sabadell FP\",\"description\":\"Entitat dedicada a la promoci\u00f3 i divulgaci\u00f3 de la cultura art\u00edstica local\",\"publisher\":{\"@id\":\"https:\/\/academiabellesarts.org\/#organization\"},\"potentialAction\":[{\"@type\":\"SearchAction\",\"target\":{\"@type\":\"EntryPoint\",\"urlTemplate\":\"https:\/\/academiabellesarts.org\/?s={search_term_string}\"},\"query-input\":{\"@type\":\"PropertyValueSpecification\",\"valueRequired\":true,\"valueName\":\"search_term_string\"}}],\"inLanguage\":\"es\"},{\"@type\":\"Organization\",\"@id\":\"https:\/\/academiabellesarts.org\/#organization\",\"name\":\"Acad\u00e8mia de Belles Arts de Sabadell FP\",\"url\":\"https:\/\/academiabellesarts.org\/\",\"logo\":{\"@type\":\"ImageObject\",\"inLanguage\":\"es\",\"@id\":\"https:\/\/academiabellesarts.org\/#\/schema\/logo\/image\/\",\"url\":\"https:\/\/academiabellesarts.org\/wp-content\/uploads\/2024\/03\/cropped-logos-junts.png\",\"contentUrl\":\"https:\/\/academiabellesarts.org\/wp-content\/uploads\/2024\/03\/cropped-logos-junts.png\",\"width\":3367,\"height\":960,\"caption\":\"Acad\u00e8mia de Belles Arts de Sabadell FP\"},\"image\":{\"@id\":\"https:\/\/academiabellesarts.org\/#\/schema\/logo\/image\/\"},\"sameAs\":[\"https:\/\/www.instagram.com\/academiabellesarts\/\"]}]}<\/script>\n<!-- \/ Yoast SEO plugin. -->","yoast_head_json":{"title":"Mapa del lloc - Acad\u00e8mia de Belles Arts de Sabadell FP","robots":{"index":"index","follow":"follow","max-snippet":"max-snippet:-1","max-image-preview":"max-image-preview:large","max-video-preview":"max-video-preview:-1"},"canonical":"https:\/\/academiabellesarts.org\/esp\/mapa-del-lloc\/","og_locale":"es_ES","og_type":"article","og_title":"Mapa del lloc - Acad\u00e8mia de Belles Arts de Sabadell FP","og_url":"https:\/\/academiabellesarts.org\/esp\/mapa-del-lloc\/","og_site_name":"Acad\u00e8mia de Belles Arts de Sabadell FP","article_modified_time":"2023-10-27T08:17:47+00:00","twitter_card":"summary_large_image","schema":{"@context":"https:\/\/schema.org","@graph":[{"@type":"WebPage","@id":"https:\/\/academiabellesarts.org\/mapa-del-lloc\/","url":"https:\/\/academiabellesarts.org\/mapa-del-lloc\/","name":"Mapa del lloc - Acad\u00e8mia de Belles Arts de Sabadell FP","isPartOf":{"@id":"https:\/\/academiabellesarts.org\/#website"},"datePublished":"2023-06-16T07:39:30+00:00","dateModified":"2023-10-27T08:17:47+00:00","breadcrumb":{"@id":"https:\/\/academiabellesarts.org\/mapa-del-lloc\/#breadcrumb"},"inLanguage":"es","potentialAction":[{"@type":"ReadAction","target":["https:\/\/academiabellesarts.org\/mapa-del-lloc\/"]}]},{"@type":"BreadcrumbList","@id":"https:\/\/academiabellesarts.org\/mapa-del-lloc\/#breadcrumb","itemListElement":[{"@type":"ListItem","position":1,"name":"Inici","item":"https:\/\/academiabellesarts.org\/"},{"@type":"ListItem","position":2,"name":"Mapa del lloc"}]},{"@type":"WebSite","@id":"https:\/\/academiabellesarts.org\/#website","url":"https:\/\/academiabellesarts.org\/","name":"Acad\u00e8mia de Belles Arts de Sabadell FP","description":"Entitat dedicada a la promoci\u00f3 i divulgaci\u00f3 de la cultura art\u00edstica local","publisher":{"@id":"https:\/\/academiabellesarts.org\/#organization"},"potentialAction":[{"@type":"SearchAction","target":{"@type":"EntryPoint","urlTemplate":"https:\/\/academiabellesarts.org\/?s={search_term_string}"},"query-input":{"@type":"PropertyValueSpecification","valueRequired":true,"valueName":"search_term_string"}}],"inLanguage":"es"},{"@type":"Organization","@id":"https:\/\/academiabellesarts.org\/#organization","name":"Acad\u00e8mia de Belles Arts de Sabadell FP","url":"https:\/\/academiabellesarts.org\/","logo":{"@type":"ImageObject","inLanguage":"es","@id":"https:\/\/academiabellesarts.org\/#\/schema\/logo\/image\/","url":"https:\/\/academiabellesarts.org\/wp-content\/uploads\/2024\/03\/cropped-logos-junts.png","contentUrl":"https:\/\/academiabellesarts.org\/wp-content\/uploads\/2024\/03\/cropped-logos-junts.png","width":3367,"height":960,"caption":"Acad\u00e8mia de Belles Arts de Sabadell FP"},"image":{"@id":"https:\/\/academiabellesarts.org\/#\/schema\/logo\/image\/"},"sameAs":["https:\/\/www.instagram.com\/academiabellesarts\/"]}]}},"taxonomy_info":[],"featured_image_src_large":false,"author_info":{"display_name":"admin","author_link":"https:\/\/academiabellesarts.org\/esp\/author\/admin_2ekuakj4\/"},"comment_info":0,"_links":{"self":[{"href":"https:\/\/academiabellesarts.org\/esp\/wp-json\/wp\/v2\/pages\/331","targetHints":{"allow":["GET"]}}],"collection":[{"href":"https:\/\/academiabellesarts.org\/esp\/wp-json\/wp\/v2\/pages"}],"about":[{"href":"https:\/\/academiabellesarts.org\/esp\/wp-json\/wp\/v2\/types\/page"}],"author":[{"embeddable":true,"href":"https:\/\/academiabellesarts.org\/esp\/wp-json\/wp\/v2\/users\/1"}],"replies":[{"embeddable":true,"href":"https:\/\/academiabellesarts.org\/esp\/wp-json\/wp\/v2\/comments?post=331"}],"version-history":[{"count":0,"href":"https:\/\/academiabellesarts.org\/esp\/wp-json\/wp\/v2\/pages\/331\/revisions"}],"wp:attachment":[{"href":"https:\/\/academiabellesarts.org\/esp\/wp-json\/wp\/v2\/media?parent=331"}],"curies":[{"name":"wp","href":"https:\/\/api.w.org\/{rel}","templated":true}]}}