{"id":2700,"date":"2023-11-15T08:08:21","date_gmt":"2023-11-15T08:08:21","guid":{"rendered":"https:\/\/academiabellesarts.org\/?page_id=2700"},"modified":"2023-11-15T08:08:29","modified_gmt":"2023-11-15T08:08:29","slug":"declaracion-de-accesibilidad","status":"publish","type":"page","link":"https:\/\/academiabellesarts.org\/esp\/declaracion-de-accesibilidad\/","title":{"rendered":"Declaraci\u00f3n de accesibilidad"},"content":{"rendered":"<p>Online Vall\u00e9s&nbsp;s\u2019ha comprom\u00e8s a fer accessible el seu lloc web, de conformitat amb el Reial decret 1112\/2018, de 7 de setembre, sobre accessibilitat dels llocs web i aplicacions per a dispositius m\u00f2bils del sector p\u00fablic.<\/p>\n\n\n\n<p>Aquesta declaraci\u00f3 d\u02bbaccessibilitat s\u02bbaplica a aquesta web.<\/p>\n\n\n\n<h2 class=\"wp-block-heading\">Situaci\u00f3 de compliment<\/h2>\n\n\n\n<p>Aquest lloc web est\u00e0 desenvolupat segons el RD 1112\/2018<\/p>\n\n\n\n<h2 class=\"wp-block-heading\">Preparaci\u00f3 per a la seg\u00fcent declaraci\u00f3 d\u2019accessibilitat<\/h2>\n\n\n\n<p>Aquesta declaraci\u00f3 va ser preparada el 20 dabril de 2023.<\/p>\n\n\n\n<p>El m\u00e8tode emprat per preparar la declaraci\u00f3 ha estat una autoavaluaci\u00f3.<\/p>\n\n\n\n<h2 class=\"wp-block-heading\">Observacions i dades de contacte<\/h2>\n\n\n\n<p>Podeu realitzar comunicacions sobre requisits d\u2019accessibilitat (article 10.2.a del RD 1112\/2018) com ara:<\/p>\n\n\n\n<ul class=\"wp-block-list\">\n<li>Informar sobre qualsevol possible incompliment per part d\u2019aquest lloc web<\/li>\n\n\n\n<li>Transmetre altres dificultats d\u2019acc\u00e9s al contingut<\/li>\n\n\n\n<li>Formular qualsevol altra consulta o suggeriment de millora relativa a l\u2019accessibilitat del lloc web a trav\u00e9s del&nbsp;formulari de contacte&nbsp;d\u2019aquest lloc web oa trav\u00e9s del n\u00famero de tel\u00e8fon&nbsp;<\/li>\n<\/ul>\n\n\n\n<p>Podeu presentar:<\/p>\n\n\n\n<ul class=\"wp-block-list\">\n<li>Queixa relativa al compliment dels requisits del RD 1112\/2018<\/li>\n\n\n\n<li>Sol\u00b7licitud d\u2019informaci\u00f3 accessible relativa a:\n<ul class=\"wp-block-list\">\n<li>Continguts que estan exclosos de l\u00e0mbit daplicaci\u00f3 del RD 1112\/2018 segons el que estableix larticle 3, apartat 4<\/li>\n\n\n\n<li>Continguts que estan exempts del compliment dels requisits d\u2019accessibilitat per imposar una c\u00e0rrega desproporcionada<\/li>\n\n\n\n<li>A la Sol\u00b7licitud d\u2019informaci\u00f3 accessible, cal concretar, amb tota claredat, els fets, les raons i la petici\u00f3 que permetin constatar que es tracta d\u2019una sol\u00b7licitud raonable i leg\u00edtima.<\/li>\n<\/ul>\n<\/li>\n<\/ul>\n\n\n\n<p>Les queixes i reclamacions sobre informaci\u00f3 accessible es faran a trav\u00e9s de la seu electr\u00f2nica (https:\/\/sede.red.gob.es\/procedimientos\/quejas-y-sugerencias), i seran rebudes i tractades per l\u2019\u00e0rea de Sistemes de la Informaci\u00f3 de Red.\u00e9s.<\/p>\n\n\n\n<h2 class=\"wp-block-heading\">Contingut opcional<\/h2>\n\n\n\n<ul class=\"wp-block-list\">\n<li>Si voleu canviar la mida de lletra del text als principals navegadors gr\u00e0fics utilitzeu els men\u00fas seg\u00fcents:<\/li>\n\n\n\n<li>Safari: Veure &gt; Fer el text m\u00e9s gran<\/li>\n\n\n\n<li>Chrome: Controla la p\u00e0gina actual &gt; Mida del text<\/li>\n<\/ul>\n\n\n\n<p>Per modificar la mida de tot a la p\u00e0gina:<\/p>\n\n\n\n<ul class=\"wp-block-list\">\n<li>Ctrl + + per augmentar-ho<\/li>\n\n\n\n<li>Ctrl + \u2013 per disminuir-ho<\/li>\n\n\n\n<li>Ctrl + 0 restaura la mida original del text<\/li>\n\n\n\n<li>Si el que voleu \u00e9s anul\u00b7lar el full d\u2019estils o modificar el color del text, podeu consultar la p\u00e0gina How to Change Text Size o Colors de la WAI, que es pot llegir tradu\u00eft a l\u2019espanyol a Com canviar la mida del text o colors?<\/li>\n<\/ul>","protected":false},"excerpt":{"rendered":"<p>Online Vall\u00e9s&nbsp;s\u2019ha comprom\u00e8s a fer accessible el seu lloc web, de conformitat amb el Reial decret 1112\/2018, de 7 de setembre, sobre accessibilitat dels llocs web i aplicacions per a dispositius m\u00f2bils del sector p\u00fablic. Aquesta declaraci\u00f3 d\u02bbaccessibilitat s\u02bbaplica a aquesta web. Situaci\u00f3 de compliment Aquest lloc web est\u00e0 desenvolupat segons el RD 1112\/2018 Preparaci\u00f3&#8230;<\/p>","protected":false},"author":1,"featured_media":0,"parent":0,"menu_order":25,"comment_status":"closed","ping_status":"closed","template":"","meta":{"_acf_changed":false,"_kad_blocks_custom_css":"","_kad_blocks_head_custom_js":"","_kad_blocks_body_custom_js":"","_kad_blocks_footer_custom_js":"","_kad_post_transparent":"","_kad_post_title":"","_kad_post_layout":"","_kad_post_sidebar_id":"","_kad_post_content_style":"","_kad_post_vertical_padding":"","_kad_post_feature":"","_kad_post_feature_position":"","_kad_post_header":false,"_kad_post_footer":false,"_kad_post_classname":"","footnotes":""},"class_list":["post-2700","page","type-page","status-publish","hentry"],"acf":[],"yoast_head":"<!-- This site is optimized with the Yoast SEO plugin v27.2 - https:\/\/yoast.com\/product\/yoast-seo-wordpress\/ -->\n<title>Declaraci\u00f3 d&#039;accesibilidad - Acad\u00e8mia de Belles Arts de Sabadell FP<\/title>\n<meta name=\"robots\" content=\"index, follow, max-snippet:-1, max-image-preview:large, max-video-preview:-1\" \/>\n<link rel=\"canonical\" href=\"https:\/\/academiabellesarts.org\/esp\/declaracion-de-accesibilidad\/\" \/>\n<meta property=\"og:locale\" content=\"es_ES\" \/>\n<meta property=\"og:type\" content=\"article\" \/>\n<meta property=\"og:title\" content=\"Declaraci\u00f3 d&#039;accesibilidad - Acad\u00e8mia de Belles Arts de Sabadell FP\" \/>\n<meta property=\"og:description\" content=\"Online Vall\u00e9s&nbsp;s\u2019ha comprom\u00e8s a fer accessible el seu lloc web, de conformitat amb el Reial decret 1112\/2018, de 7 de setembre, sobre accessibilitat dels llocs web i aplicacions per a dispositius m\u00f2bils del sector p\u00fablic. Aquesta declaraci\u00f3 d\u02bbaccessibilitat s\u02bbaplica a aquesta web. Situaci\u00f3 de compliment Aquest lloc web est\u00e0 desenvolupat segons el RD 1112\/2018 Preparaci\u00f3...\" \/>\n<meta property=\"og:url\" content=\"https:\/\/academiabellesarts.org\/esp\/declaracion-de-accesibilidad\/\" \/>\n<meta property=\"og:site_name\" content=\"Acad\u00e8mia de Belles Arts de Sabadell FP\" \/>\n<meta property=\"article:modified_time\" content=\"2023-11-15T08:08:29+00:00\" \/>\n<meta name=\"twitter:card\" content=\"summary_large_image\" \/>\n<meta name=\"twitter:label1\" content=\"Tiempo de lectura\" \/>\n\t<meta name=\"twitter:data1\" content=\"2 minutos\" \/>\n<script type=\"application\/ld+json\" class=\"yoast-schema-graph\">{\"@context\":\"https:\/\/schema.org\",\"@graph\":[{\"@type\":\"WebPage\",\"@id\":\"https:\/\/academiabellesarts.org\/declaracion-de-accesibilidad\/\",\"url\":\"https:\/\/academiabellesarts.org\/declaracion-de-accesibilidad\/\",\"name\":\"Declaraci\u00f3 d'accesibilidad - Acad\u00e8mia de Belles Arts de Sabadell FP\",\"isPartOf\":{\"@id\":\"https:\/\/academiabellesarts.org\/#website\"},\"datePublished\":\"2023-11-15T08:08:21+00:00\",\"dateModified\":\"2023-11-15T08:08:29+00:00\",\"breadcrumb\":{\"@id\":\"https:\/\/academiabellesarts.org\/declaracion-de-accesibilidad\/#breadcrumb\"},\"inLanguage\":\"es\",\"potentialAction\":[{\"@type\":\"ReadAction\",\"target\":[\"https:\/\/academiabellesarts.org\/declaracion-de-accesibilidad\/\"]}]},{\"@type\":\"BreadcrumbList\",\"@id\":\"https:\/\/academiabellesarts.org\/declaracion-de-accesibilidad\/#breadcrumb\",\"itemListElement\":[{\"@type\":\"ListItem\",\"position\":1,\"name\":\"Inici\",\"item\":\"https:\/\/academiabellesarts.org\/\"},{\"@type\":\"ListItem\",\"position\":2,\"name\":\"Declaraci\u00f3 d&#8217;accesibilidad\"}]},{\"@type\":\"WebSite\",\"@id\":\"https:\/\/academiabellesarts.org\/#website\",\"url\":\"https:\/\/academiabellesarts.org\/\",\"name\":\"Acad\u00e8mia de Belles Arts de Sabadell FP\",\"description\":\"Entitat dedicada a la promoci\u00f3 i divulgaci\u00f3 de la cultura art\u00edstica local\",\"publisher\":{\"@id\":\"https:\/\/academiabellesarts.org\/#organization\"},\"potentialAction\":[{\"@type\":\"SearchAction\",\"target\":{\"@type\":\"EntryPoint\",\"urlTemplate\":\"https:\/\/academiabellesarts.org\/?s={search_term_string}\"},\"query-input\":{\"@type\":\"PropertyValueSpecification\",\"valueRequired\":true,\"valueName\":\"search_term_string\"}}],\"inLanguage\":\"es\"},{\"@type\":\"Organization\",\"@id\":\"https:\/\/academiabellesarts.org\/#organization\",\"name\":\"Acad\u00e8mia de Belles Arts de Sabadell FP\",\"url\":\"https:\/\/academiabellesarts.org\/\",\"logo\":{\"@type\":\"ImageObject\",\"inLanguage\":\"es\",\"@id\":\"https:\/\/academiabellesarts.org\/#\/schema\/logo\/image\/\",\"url\":\"https:\/\/academiabellesarts.org\/wp-content\/uploads\/2024\/03\/cropped-logos-junts.png\",\"contentUrl\":\"https:\/\/academiabellesarts.org\/wp-content\/uploads\/2024\/03\/cropped-logos-junts.png\",\"width\":3367,\"height\":960,\"caption\":\"Acad\u00e8mia de Belles Arts de Sabadell FP\"},\"image\":{\"@id\":\"https:\/\/academiabellesarts.org\/#\/schema\/logo\/image\/\"},\"sameAs\":[\"https:\/\/www.instagram.com\/academiabellesarts\/\"]}]}<\/script>\n<!-- \/ Yoast SEO plugin. -->","yoast_head_json":{"title":"Declaraci\u00f3 d'accesibilidad - Acad\u00e8mia de Belles Arts de Sabadell FP","robots":{"index":"index","follow":"follow","max-snippet":"max-snippet:-1","max-image-preview":"max-image-preview:large","max-video-preview":"max-video-preview:-1"},"canonical":"https:\/\/academiabellesarts.org\/esp\/declaracion-de-accesibilidad\/","og_locale":"es_ES","og_type":"article","og_title":"Declaraci\u00f3 d'accesibilidad - Acad\u00e8mia de Belles Arts de Sabadell FP","og_description":"Online Vall\u00e9s&nbsp;s\u2019ha comprom\u00e8s a fer accessible el seu lloc web, de conformitat amb el Reial decret 1112\/2018, de 7 de setembre, sobre accessibilitat dels llocs web i aplicacions per a dispositius m\u00f2bils del sector p\u00fablic. Aquesta declaraci\u00f3 d\u02bbaccessibilitat s\u02bbaplica a aquesta web. Situaci\u00f3 de compliment Aquest lloc web est\u00e0 desenvolupat segons el RD 1112\/2018 Preparaci\u00f3...","og_url":"https:\/\/academiabellesarts.org\/esp\/declaracion-de-accesibilidad\/","og_site_name":"Acad\u00e8mia de Belles Arts de Sabadell FP","article_modified_time":"2023-11-15T08:08:29+00:00","twitter_card":"summary_large_image","twitter_misc":{"Tiempo de lectura":"2 minutos"},"schema":{"@context":"https:\/\/schema.org","@graph":[{"@type":"WebPage","@id":"https:\/\/academiabellesarts.org\/declaracion-de-accesibilidad\/","url":"https:\/\/academiabellesarts.org\/declaracion-de-accesibilidad\/","name":"Declaraci\u00f3 d'accesibilidad - Acad\u00e8mia de Belles Arts de Sabadell FP","isPartOf":{"@id":"https:\/\/academiabellesarts.org\/#website"},"datePublished":"2023-11-15T08:08:21+00:00","dateModified":"2023-11-15T08:08:29+00:00","breadcrumb":{"@id":"https:\/\/academiabellesarts.org\/declaracion-de-accesibilidad\/#breadcrumb"},"inLanguage":"es","potentialAction":[{"@type":"ReadAction","target":["https:\/\/academiabellesarts.org\/declaracion-de-accesibilidad\/"]}]},{"@type":"BreadcrumbList","@id":"https:\/\/academiabellesarts.org\/declaracion-de-accesibilidad\/#breadcrumb","itemListElement":[{"@type":"ListItem","position":1,"name":"Inici","item":"https:\/\/academiabellesarts.org\/"},{"@type":"ListItem","position":2,"name":"Declaraci\u00f3 d&#8217;accesibilidad"}]},{"@type":"WebSite","@id":"https:\/\/academiabellesarts.org\/#website","url":"https:\/\/academiabellesarts.org\/","name":"Acad\u00e8mia de Belles Arts de Sabadell FP","description":"Entitat dedicada a la promoci\u00f3 i divulgaci\u00f3 de la cultura art\u00edstica local","publisher":{"@id":"https:\/\/academiabellesarts.org\/#organization"},"potentialAction":[{"@type":"SearchAction","target":{"@type":"EntryPoint","urlTemplate":"https:\/\/academiabellesarts.org\/?s={search_term_string}"},"query-input":{"@type":"PropertyValueSpecification","valueRequired":true,"valueName":"search_term_string"}}],"inLanguage":"es"},{"@type":"Organization","@id":"https:\/\/academiabellesarts.org\/#organization","name":"Acad\u00e8mia de Belles Arts de Sabadell FP","url":"https:\/\/academiabellesarts.org\/","logo":{"@type":"ImageObject","inLanguage":"es","@id":"https:\/\/academiabellesarts.org\/#\/schema\/logo\/image\/","url":"https:\/\/academiabellesarts.org\/wp-content\/uploads\/2024\/03\/cropped-logos-junts.png","contentUrl":"https:\/\/academiabellesarts.org\/wp-content\/uploads\/2024\/03\/cropped-logos-junts.png","width":3367,"height":960,"caption":"Acad\u00e8mia de Belles Arts de Sabadell FP"},"image":{"@id":"https:\/\/academiabellesarts.org\/#\/schema\/logo\/image\/"},"sameAs":["https:\/\/www.instagram.com\/academiabellesarts\/"]}]}},"taxonomy_info":[],"featured_image_src_large":false,"author_info":{"display_name":"admin","author_link":"https:\/\/academiabellesarts.org\/esp\/author\/admin_2ekuakj4\/"},"comment_info":0,"_links":{"self":[{"href":"https:\/\/academiabellesarts.org\/esp\/wp-json\/wp\/v2\/pages\/2700","targetHints":{"allow":["GET"]}}],"collection":[{"href":"https:\/\/academiabellesarts.org\/esp\/wp-json\/wp\/v2\/pages"}],"about":[{"href":"https:\/\/academiabellesarts.org\/esp\/wp-json\/wp\/v2\/types\/page"}],"author":[{"embeddable":true,"href":"https:\/\/academiabellesarts.org\/esp\/wp-json\/wp\/v2\/users\/1"}],"replies":[{"embeddable":true,"href":"https:\/\/academiabellesarts.org\/esp\/wp-json\/wp\/v2\/comments?post=2700"}],"version-history":[{"count":2,"href":"https:\/\/academiabellesarts.org\/esp\/wp-json\/wp\/v2\/pages\/2700\/revisions"}],"predecessor-version":[{"id":2702,"href":"https:\/\/academiabellesarts.org\/esp\/wp-json\/wp\/v2\/pages\/2700\/revisions\/2702"}],"wp:attachment":[{"href":"https:\/\/academiabellesarts.org\/esp\/wp-json\/wp\/v2\/media?parent=2700"}],"curies":[{"name":"wp","href":"https:\/\/api.w.org\/{rel}","templated":true}]}}