{"id":137,"date":"2023-06-14T09:57:19","date_gmt":"2023-06-14T09:57:19","guid":{"rendered":"https:\/\/academiabellesarts.org\/?page_id=137"},"modified":"2025-07-03T08:26:47","modified_gmt":"2025-07-03T08:26:47","slug":"aula-de-nu","status":"publish","type":"page","link":"https:\/\/academiabellesarts.org\/esp\/cursos-i-tallers\/aula-de-nu\/","title":{"rendered":"Aula oberta de dibuix de nu"},"content":{"rendered":"<style>.kb-gallery-type-thumbslider.kb-gallery-id-137_06c14e-4b .kt-blocks-carousel-init {margin-bottom:10px;}.kb-gallery-id-137_06c14e-4b .kadence-blocks-gallery-item .kb-gal-image-radius, .kb-gallery-id-137_06c14e-4b .kb-slide-item .kb-gal-image-radius img{border-radius:0px 0px 0px 0px;;}<\/style><div class=\"kb-gallery-wrap-id-137_06c14e-4b alignnone wp-block-kadence-advancedgallery\"><div class=\"kb-gallery-ul kb-gallery-non-static kb-gallery-type-thumbslider kb-gallery-id-137_06c14e-4b kb-gallery-caption-style-bottom-hover kb-gallery-filter-none kb-gallery-magnific-init\" data-image-filter=\"none\" data-lightbox-caption=\"true\"><div class=\"kt-blocks-carousel kt-carousel-container-dotstyle-dark\"><div id=\"kb-slider-137_06c14e-4b\" class=\"kt-blocks-carousel-init splide kb-blocks-slider kt-carousel-arrowstyle-whiteondark kt-carousel-dotstyle-dark kb-slider-group-arrow kb-slider-arrow-position-center\" data-columns-xxl=\"4\" data-columns-xl=\"4\" data-columns-md=\"4\" data-columns-sm=\"4\" data-columns-xs=\"4\" data-columns-ss=\"4\" data-slider-anim-speed=\"400\" data-slider-scroll=\"1\" data-slider-arrows=\"true\" data-slider-fade=\"true\" data-slider-dots=\"false\" data-slider-hover-pause=\"false\" data-slider-type=\"thumbnail\" data-slider-nav=\"kb-thumb-slider-137_06c14e-4b\"  data-slider-auto=\"\" data-slider-speed=\"7000\" data-slider-gap=\"10px\" data-slider-gap-tablet=\"10px\" data-slider-gap-mobile=\"10px\" data-show-pause-button=\"false\"><div class=\"splide__track\"><ul class=\"splide__list\"><li class=\"kb-slide-item kb-gallery-carousel-item splide__slide\"><div class=\"kadence-blocks-gallery-item\"><div class=\"kadence-blocks-gallery-item-inner\"><figure class=\"kb-gallery-figure kb-gallery-item-has-link kadence-blocks-gallery-item-hide-caption\"><a href=\"https:\/\/academiabellesarts.org\/wp-content\/uploads\/2023\/09\/IMG_3697-scaled.jpg\" class=\"kb-gallery-item-link\"   role=\"button\" aria-haspopup=\"dialog\"><div class=\"kb-gal-image-radius\"><div class=\"kb-gallery-image-contain kadence-blocks-gallery-intrinsic kb-gallery-image-ratio-land32 kb-has-image-ratio-land32\" ><img loading=\"lazy\" decoding=\"async\" src=\"https:\/\/academiabellesarts.org\/wp-content\/uploads\/2023\/09\/IMG_3697-768x1024.jpg\" width=\"768\" height=\"1024\" alt=\"\" data-full-image=\"https:\/\/academiabellesarts.org\/wp-content\/uploads\/2023\/09\/IMG_3697-scaled.jpg\" data-light-image=\"https:\/\/academiabellesarts.org\/wp-content\/uploads\/2023\/09\/IMG_3697-scaled.jpg\" data-id=\"730\" class=\"wp-image-730 skip-lazy\" srcset=\"https:\/\/academiabellesarts.org\/wp-content\/uploads\/2023\/09\/IMG_3697-768x1024.jpg 768w, https:\/\/academiabellesarts.org\/wp-content\/uploads\/2023\/09\/IMG_3697-225x300.jpg 225w, https:\/\/academiabellesarts.org\/wp-content\/uploads\/2023\/09\/IMG_3697-1152x1536.jpg 1152w, https:\/\/academiabellesarts.org\/wp-content\/uploads\/2023\/09\/IMG_3697-1536x2048.jpg 1536w, https:\/\/academiabellesarts.org\/wp-content\/uploads\/2023\/09\/IMG_3697-scaled.jpg 1920w\" sizes=\"auto, (max-width: 768px) 100vw, 768px\" \/><\/div><\/div><\/a><\/figure><\/div><\/div><\/li><li class=\"kb-slide-item kb-gallery-carousel-item splide__slide\"><div class=\"kadence-blocks-gallery-item\"><div class=\"kadence-blocks-gallery-item-inner\"><figure class=\"kb-gallery-figure kb-gallery-item-has-link kadence-blocks-gallery-item-hide-caption\"><a href=\"https:\/\/academiabellesarts.org\/wp-content\/uploads\/2023\/09\/IMG_3696-scaled.jpg\" class=\"kb-gallery-item-link\"   role=\"button\" aria-haspopup=\"dialog\"><div class=\"kb-gal-image-radius\"><div class=\"kb-gallery-image-contain kadence-blocks-gallery-intrinsic kb-gallery-image-ratio-land32 kb-has-image-ratio-land32\" ><img loading=\"lazy\" decoding=\"async\" src=\"https:\/\/academiabellesarts.org\/wp-content\/uploads\/2023\/09\/IMG_3696-776x1024.jpg\" width=\"776\" height=\"1024\" alt=\"\" data-full-image=\"https:\/\/academiabellesarts.org\/wp-content\/uploads\/2023\/09\/IMG_3696-scaled.jpg\" data-light-image=\"https:\/\/academiabellesarts.org\/wp-content\/uploads\/2023\/09\/IMG_3696-scaled.jpg\" data-id=\"727\" class=\"wp-image-727 skip-lazy\" srcset=\"https:\/\/academiabellesarts.org\/wp-content\/uploads\/2023\/09\/IMG_3696-776x1024.jpg 776w, https:\/\/academiabellesarts.org\/wp-content\/uploads\/2023\/09\/IMG_3696-227x300.jpg 227w, https:\/\/academiabellesarts.org\/wp-content\/uploads\/2023\/09\/IMG_3696-768x1014.jpg 768w, https:\/\/academiabellesarts.org\/wp-content\/uploads\/2023\/09\/IMG_3696-1164x1536.jpg 1164w, https:\/\/academiabellesarts.org\/wp-content\/uploads\/2023\/09\/IMG_3696-1551x2048.jpg 1551w, https:\/\/academiabellesarts.org\/wp-content\/uploads\/2023\/09\/IMG_3696-scaled.jpg 1939w\" sizes=\"auto, (max-width: 776px) 100vw, 776px\" \/><\/div><\/div><\/a><\/figure><\/div><\/div><\/li><li class=\"kb-slide-item kb-gallery-carousel-item splide__slide\"><div class=\"kadence-blocks-gallery-item\"><div class=\"kadence-blocks-gallery-item-inner\"><figure class=\"kb-gallery-figure kb-gallery-item-has-link kadence-blocks-gallery-item-hide-caption\"><a href=\"https:\/\/academiabellesarts.org\/wp-content\/uploads\/2023\/09\/IMG_3688-scaled.jpg\" class=\"kb-gallery-item-link\"   role=\"button\" aria-haspopup=\"dialog\"><div class=\"kb-gal-image-radius\"><div class=\"kb-gallery-image-contain kadence-blocks-gallery-intrinsic kb-gallery-image-ratio-land32 kb-has-image-ratio-land32\" ><img loading=\"lazy\" decoding=\"async\" src=\"https:\/\/academiabellesarts.org\/wp-content\/uploads\/2023\/09\/IMG_3688-768x1024.jpg\" width=\"768\" height=\"1024\" alt=\"\" data-full-image=\"https:\/\/academiabellesarts.org\/wp-content\/uploads\/2023\/09\/IMG_3688-scaled.jpg\" data-light-image=\"https:\/\/academiabellesarts.org\/wp-content\/uploads\/2023\/09\/IMG_3688-scaled.jpg\" data-id=\"726\" class=\"wp-image-726 skip-lazy\" srcset=\"https:\/\/academiabellesarts.org\/wp-content\/uploads\/2023\/09\/IMG_3688-768x1024.jpg 768w, https:\/\/academiabellesarts.org\/wp-content\/uploads\/2023\/09\/IMG_3688-225x300.jpg 225w, https:\/\/academiabellesarts.org\/wp-content\/uploads\/2023\/09\/IMG_3688-1152x1536.jpg 1152w, https:\/\/academiabellesarts.org\/wp-content\/uploads\/2023\/09\/IMG_3688-1536x2048.jpg 1536w, https:\/\/academiabellesarts.org\/wp-content\/uploads\/2023\/09\/IMG_3688-scaled.jpg 1920w\" sizes=\"auto, (max-width: 768px) 100vw, 768px\" \/><\/div><\/div><\/a><\/figure><\/div><\/div><\/li><li class=\"kb-slide-item kb-gallery-carousel-item splide__slide\"><div class=\"kadence-blocks-gallery-item\"><div class=\"kadence-blocks-gallery-item-inner\"><figure class=\"kb-gallery-figure kb-gallery-item-has-link kadence-blocks-gallery-item-hide-caption\"><a href=\"https:\/\/academiabellesarts.org\/wp-content\/uploads\/2023\/09\/IMG_3687-scaled.jpg\" class=\"kb-gallery-item-link\"   role=\"button\" aria-haspopup=\"dialog\"><div class=\"kb-gal-image-radius\"><div class=\"kb-gallery-image-contain kadence-blocks-gallery-intrinsic kb-gallery-image-ratio-land32 kb-has-image-ratio-land32\" ><img loading=\"lazy\" decoding=\"async\" src=\"https:\/\/academiabellesarts.org\/wp-content\/uploads\/2023\/09\/IMG_3687-768x1024.jpg\" width=\"768\" height=\"1024\" alt=\"\" data-full-image=\"https:\/\/academiabellesarts.org\/wp-content\/uploads\/2023\/09\/IMG_3687-scaled.jpg\" data-light-image=\"https:\/\/academiabellesarts.org\/wp-content\/uploads\/2023\/09\/IMG_3687-scaled.jpg\" data-id=\"725\" class=\"wp-image-725 skip-lazy\" srcset=\"https:\/\/academiabellesarts.org\/wp-content\/uploads\/2023\/09\/IMG_3687-768x1024.jpg 768w, https:\/\/academiabellesarts.org\/wp-content\/uploads\/2023\/09\/IMG_3687-225x300.jpg 225w, https:\/\/academiabellesarts.org\/wp-content\/uploads\/2023\/09\/IMG_3687-1152x1536.jpg 1152w, https:\/\/academiabellesarts.org\/wp-content\/uploads\/2023\/09\/IMG_3687-1536x2048.jpg 1536w, https:\/\/academiabellesarts.org\/wp-content\/uploads\/2023\/09\/IMG_3687-scaled.jpg 1920w\" sizes=\"auto, (max-width: 768px) 100vw, 768px\" \/><\/div><\/div><\/a><\/figure><\/div><\/div><\/li><\/ul><\/div><\/div><div id=\"kb-thumb-slider-137_06c14e-4b\" class=\"kb-blocks-slider splide kt-carousel-arrowstyle-whiteondark kt-carousel-dotstyle-dark\" data-slider-anim-speed=\"400\" data-slider-scroll=\"1\" data-slider-arrows=\"true\" data-slider-fade=\"true\" data-slider-dots=\"false\" data-slider-hover-pause=\"false\" data-slider-speed=\"7000\" data-slider-type=\"thumbnail\" data-slider-nav=\"kb-slider-137_06c14e-4b\"><div class=\"splide__track\"><ul class=\"splide__list\"><li class=\"kb-slide-item kb-gallery-carousel-item splide__slide\"><div class=\"kadence-blocks-gallery-thumb-item\"><div class=\"kadence-blocks-gallery-thumb-item-inner\"><figure class=\"kb-gallery-figure\"><div class=\"kb-gal-image-radius\"><div class=\"kb-gallery-image-contain kadence-blocks-gallery-intrinsic kb-gallery-image-ratio-land32 kb-has-image-ratio-land32\" ><img loading=\"lazy\" decoding=\"async\" src=\"https:\/\/academiabellesarts.org\/wp-content\/uploads\/2023\/09\/IMG_3697-scaled.jpg\" width=\"768\" height=\"1024\" alt=\"\" data-full-image=\"https:\/\/academiabellesarts.org\/wp-content\/uploads\/2023\/09\/IMG_3697-scaled.jpg\" data-light-image=\"https:\/\/academiabellesarts.org\/wp-content\/uploads\/2023\/09\/IMG_3697-scaled.jpg\" data-id=\"730\" class=\"wp-image-730 skip-lazy\" srcset=\"https:\/\/academiabellesarts.org\/wp-content\/uploads\/2023\/09\/IMG_3697-scaled.jpg 1920w, https:\/\/academiabellesarts.org\/wp-content\/uploads\/2023\/09\/IMG_3697-225x300.jpg 225w, https:\/\/academiabellesarts.org\/wp-content\/uploads\/2023\/09\/IMG_3697-768x1024.jpg 768w, https:\/\/academiabellesarts.org\/wp-content\/uploads\/2023\/09\/IMG_3697-1152x1536.jpg 1152w, https:\/\/academiabellesarts.org\/wp-content\/uploads\/2023\/09\/IMG_3697-1536x2048.jpg 1536w\" sizes=\"auto, (max-width: 768px) 100vw, 768px\" \/><\/div><\/div><\/figure><\/div><\/div><\/li><li class=\"kb-slide-item kb-gallery-carousel-item splide__slide\"><div class=\"kadence-blocks-gallery-thumb-item\"><div class=\"kadence-blocks-gallery-thumb-item-inner\"><figure class=\"kb-gallery-figure\"><div class=\"kb-gal-image-radius\"><div class=\"kb-gallery-image-contain kadence-blocks-gallery-intrinsic kb-gallery-image-ratio-land32 kb-has-image-ratio-land32\" ><img loading=\"lazy\" decoding=\"async\" src=\"https:\/\/academiabellesarts.org\/wp-content\/uploads\/2023\/09\/IMG_3696-scaled.jpg\" width=\"776\" height=\"1024\" alt=\"\" data-full-image=\"https:\/\/academiabellesarts.org\/wp-content\/uploads\/2023\/09\/IMG_3696-scaled.jpg\" data-light-image=\"https:\/\/academiabellesarts.org\/wp-content\/uploads\/2023\/09\/IMG_3696-scaled.jpg\" data-id=\"727\" class=\"wp-image-727 skip-lazy\" srcset=\"https:\/\/academiabellesarts.org\/wp-content\/uploads\/2023\/09\/IMG_3696-scaled.jpg 1939w, https:\/\/academiabellesarts.org\/wp-content\/uploads\/2023\/09\/IMG_3696-227x300.jpg 227w, https:\/\/academiabellesarts.org\/wp-content\/uploads\/2023\/09\/IMG_3696-776x1024.jpg 776w, https:\/\/academiabellesarts.org\/wp-content\/uploads\/2023\/09\/IMG_3696-768x1014.jpg 768w, https:\/\/academiabellesarts.org\/wp-content\/uploads\/2023\/09\/IMG_3696-1164x1536.jpg 1164w, https:\/\/academiabellesarts.org\/wp-content\/uploads\/2023\/09\/IMG_3696-1551x2048.jpg 1551w\" sizes=\"auto, (max-width: 776px) 100vw, 776px\" \/><\/div><\/div><\/figure><\/div><\/div><\/li><li class=\"kb-slide-item kb-gallery-carousel-item splide__slide\"><div class=\"kadence-blocks-gallery-thumb-item\"><div class=\"kadence-blocks-gallery-thumb-item-inner\"><figure class=\"kb-gallery-figure\"><div class=\"kb-gal-image-radius\"><div class=\"kb-gallery-image-contain kadence-blocks-gallery-intrinsic kb-gallery-image-ratio-land32 kb-has-image-ratio-land32\" ><img loading=\"lazy\" decoding=\"async\" src=\"https:\/\/academiabellesarts.org\/wp-content\/uploads\/2023\/09\/IMG_3688-scaled.jpg\" width=\"768\" height=\"1024\" alt=\"\" data-full-image=\"https:\/\/academiabellesarts.org\/wp-content\/uploads\/2023\/09\/IMG_3688-scaled.jpg\" data-light-image=\"https:\/\/academiabellesarts.org\/wp-content\/uploads\/2023\/09\/IMG_3688-scaled.jpg\" data-id=\"726\" class=\"wp-image-726 skip-lazy\" srcset=\"https:\/\/academiabellesarts.org\/wp-content\/uploads\/2023\/09\/IMG_3688-scaled.jpg 1920w, https:\/\/academiabellesarts.org\/wp-content\/uploads\/2023\/09\/IMG_3688-225x300.jpg 225w, https:\/\/academiabellesarts.org\/wp-content\/uploads\/2023\/09\/IMG_3688-768x1024.jpg 768w, https:\/\/academiabellesarts.org\/wp-content\/uploads\/2023\/09\/IMG_3688-1152x1536.jpg 1152w, https:\/\/academiabellesarts.org\/wp-content\/uploads\/2023\/09\/IMG_3688-1536x2048.jpg 1536w\" sizes=\"auto, (max-width: 768px) 100vw, 768px\" \/><\/div><\/div><\/figure><\/div><\/div><\/li><li class=\"kb-slide-item kb-gallery-carousel-item splide__slide\"><div class=\"kadence-blocks-gallery-thumb-item\"><div class=\"kadence-blocks-gallery-thumb-item-inner\"><figure class=\"kb-gallery-figure\"><div class=\"kb-gal-image-radius\"><div class=\"kb-gallery-image-contain kadence-blocks-gallery-intrinsic kb-gallery-image-ratio-land32 kb-has-image-ratio-land32\" ><img loading=\"lazy\" decoding=\"async\" src=\"https:\/\/academiabellesarts.org\/wp-content\/uploads\/2023\/09\/IMG_3687-scaled.jpg\" width=\"768\" height=\"1024\" alt=\"\" data-full-image=\"https:\/\/academiabellesarts.org\/wp-content\/uploads\/2023\/09\/IMG_3687-scaled.jpg\" data-light-image=\"https:\/\/academiabellesarts.org\/wp-content\/uploads\/2023\/09\/IMG_3687-scaled.jpg\" data-id=\"725\" class=\"wp-image-725 skip-lazy\" srcset=\"https:\/\/academiabellesarts.org\/wp-content\/uploads\/2023\/09\/IMG_3687-scaled.jpg 1920w, https:\/\/academiabellesarts.org\/wp-content\/uploads\/2023\/09\/IMG_3687-225x300.jpg 225w, https:\/\/academiabellesarts.org\/wp-content\/uploads\/2023\/09\/IMG_3687-768x1024.jpg 768w, https:\/\/academiabellesarts.org\/wp-content\/uploads\/2023\/09\/IMG_3687-1152x1536.jpg 1152w, https:\/\/academiabellesarts.org\/wp-content\/uploads\/2023\/09\/IMG_3687-1536x2048.jpg 1536w\" sizes=\"auto, (max-width: 768px) 100vw, 768px\" \/><\/div><\/div><\/figure><\/div><\/div><\/li><\/ul><\/div><\/div><\/div><\/div><\/div>","protected":false},"excerpt":{"rendered":"","protected":false},"author":1,"featured_media":143,"parent":19,"menu_order":4,"comment_status":"closed","ping_status":"closed","template":"","meta":{"_acf_changed":false,"_kad_blocks_custom_css":"","_kad_blocks_head_custom_js":"","_kad_blocks_body_custom_js":"","_kad_blocks_footer_custom_js":"","_kad_post_transparent":"","_kad_post_title":"hide","_kad_post_layout":"fullwidth","_kad_post_sidebar_id":"","_kad_post_content_style":"unboxed","_kad_post_vertical_padding":"","_kad_post_feature":"","_kad_post_feature_position":"","_kad_post_header":false,"_kad_post_footer":false,"_kad_post_classname":"","footnotes":""},"class_list":["post-137","page","type-page","status-publish","has-post-thumbnail","hentry"],"acf":[],"yoast_head":"<!-- This site is optimized with the Yoast SEO plugin v27.2 - https:\/\/yoast.com\/product\/yoast-seo-wordpress\/ -->\n<title>Aula oberta de dibuix de nu - Acad\u00e8mia de Belles Arts de Sabadell FP<\/title>\n<meta name=\"robots\" content=\"index, follow, max-snippet:-1, max-image-preview:large, max-video-preview:-1\" \/>\n<link rel=\"canonical\" href=\"https:\/\/academiabellesarts.org\/esp\/cursos-i-tallers\/aula-de-nu\/\" \/>\n<meta property=\"og:locale\" content=\"es_ES\" \/>\n<meta property=\"og:type\" content=\"article\" \/>\n<meta property=\"og:title\" content=\"Aula oberta de dibuix de nu - Acad\u00e8mia de Belles Arts de Sabadell FP\" \/>\n<meta property=\"og:url\" content=\"https:\/\/academiabellesarts.org\/esp\/cursos-i-tallers\/aula-de-nu\/\" \/>\n<meta property=\"og:site_name\" content=\"Acad\u00e8mia de Belles Arts de Sabadell FP\" \/>\n<meta property=\"article:modified_time\" content=\"2025-07-03T08:26:47+00:00\" \/>\n<meta property=\"og:image\" content=\"https:\/\/academiabellesarts.org\/wp-content\/uploads\/2023\/06\/IMG_2746.jpg\" \/>\n\t<meta property=\"og:image:width\" content=\"750\" \/>\n\t<meta property=\"og:image:height\" content=\"921\" \/>\n\t<meta property=\"og:image:type\" content=\"image\/jpeg\" \/>\n<meta name=\"twitter:card\" content=\"summary_large_image\" \/>\n<meta name=\"twitter:label1\" content=\"Tiempo de lectura\" \/>\n\t<meta name=\"twitter:data1\" content=\"1 minuto\" \/>\n<script type=\"application\/ld+json\" class=\"yoast-schema-graph\">{\"@context\":\"https:\/\/schema.org\",\"@graph\":[{\"@type\":\"WebPage\",\"@id\":\"https:\/\/academiabellesarts.org\/cursos-i-tallers\/aula-de-nu\/\",\"url\":\"https:\/\/academiabellesarts.org\/cursos-i-tallers\/aula-de-nu\/\",\"name\":\"Aula oberta de dibuix de nu - Acad\u00e8mia de Belles Arts de Sabadell FP\",\"isPartOf\":{\"@id\":\"https:\/\/academiabellesarts.org\/#website\"},\"primaryImageOfPage\":{\"@id\":\"https:\/\/academiabellesarts.org\/cursos-i-tallers\/aula-de-nu\/#primaryimage\"},\"image\":{\"@id\":\"https:\/\/academiabellesarts.org\/cursos-i-tallers\/aula-de-nu\/#primaryimage\"},\"thumbnailUrl\":\"https:\/\/academiabellesarts.org\/wp-content\/uploads\/2023\/06\/IMG_2746.jpg\",\"datePublished\":\"2023-06-14T09:57:19+00:00\",\"dateModified\":\"2025-07-03T08:26:47+00:00\",\"breadcrumb\":{\"@id\":\"https:\/\/academiabellesarts.org\/cursos-i-tallers\/aula-de-nu\/#breadcrumb\"},\"inLanguage\":\"es\",\"potentialAction\":[{\"@type\":\"ReadAction\",\"target\":[\"https:\/\/academiabellesarts.org\/cursos-i-tallers\/aula-de-nu\/\"]}]},{\"@type\":\"ImageObject\",\"inLanguage\":\"es\",\"@id\":\"https:\/\/academiabellesarts.org\/cursos-i-tallers\/aula-de-nu\/#primaryimage\",\"url\":\"https:\/\/academiabellesarts.org\/wp-content\/uploads\/2023\/06\/IMG_2746.jpg\",\"contentUrl\":\"https:\/\/academiabellesarts.org\/wp-content\/uploads\/2023\/06\/IMG_2746.jpg\",\"width\":750,\"height\":921},{\"@type\":\"BreadcrumbList\",\"@id\":\"https:\/\/academiabellesarts.org\/cursos-i-tallers\/aula-de-nu\/#breadcrumb\",\"itemListElement\":[{\"@type\":\"ListItem\",\"position\":1,\"name\":\"Inici\",\"item\":\"https:\/\/academiabellesarts.org\/\"},{\"@type\":\"ListItem\",\"position\":2,\"name\":\"Cursos i tallers\",\"item\":\"https:\/\/academiabellesarts.org\/cursos-i-tallers\/\"},{\"@type\":\"ListItem\",\"position\":3,\"name\":\"Aula oberta de dibuix de nu\"}]},{\"@type\":\"WebSite\",\"@id\":\"https:\/\/academiabellesarts.org\/#website\",\"url\":\"https:\/\/academiabellesarts.org\/\",\"name\":\"Acad\u00e8mia de Belles Arts de Sabadell FP\",\"description\":\"Entitat dedicada a la promoci\u00f3 i divulgaci\u00f3 de la cultura art\u00edstica local\",\"publisher\":{\"@id\":\"https:\/\/academiabellesarts.org\/#organization\"},\"potentialAction\":[{\"@type\":\"SearchAction\",\"target\":{\"@type\":\"EntryPoint\",\"urlTemplate\":\"https:\/\/academiabellesarts.org\/?s={search_term_string}\"},\"query-input\":{\"@type\":\"PropertyValueSpecification\",\"valueRequired\":true,\"valueName\":\"search_term_string\"}}],\"inLanguage\":\"es\"},{\"@type\":\"Organization\",\"@id\":\"https:\/\/academiabellesarts.org\/#organization\",\"name\":\"Acad\u00e8mia de Belles Arts de Sabadell FP\",\"url\":\"https:\/\/academiabellesarts.org\/\",\"logo\":{\"@type\":\"ImageObject\",\"inLanguage\":\"es\",\"@id\":\"https:\/\/academiabellesarts.org\/#\/schema\/logo\/image\/\",\"url\":\"https:\/\/academiabellesarts.org\/wp-content\/uploads\/2024\/03\/cropped-logos-junts.png\",\"contentUrl\":\"https:\/\/academiabellesarts.org\/wp-content\/uploads\/2024\/03\/cropped-logos-junts.png\",\"width\":3367,\"height\":960,\"caption\":\"Acad\u00e8mia de Belles Arts de Sabadell FP\"},\"image\":{\"@id\":\"https:\/\/academiabellesarts.org\/#\/schema\/logo\/image\/\"},\"sameAs\":[\"https:\/\/www.instagram.com\/academiabellesarts\/\"]}]}<\/script>\n<!-- \/ Yoast SEO plugin. -->","yoast_head_json":{"title":"Aula oberta de dibuix de nu - Acad\u00e8mia de Belles Arts de Sabadell FP","robots":{"index":"index","follow":"follow","max-snippet":"max-snippet:-1","max-image-preview":"max-image-preview:large","max-video-preview":"max-video-preview:-1"},"canonical":"https:\/\/academiabellesarts.org\/esp\/cursos-i-tallers\/aula-de-nu\/","og_locale":"es_ES","og_type":"article","og_title":"Aula oberta de dibuix de nu - Acad\u00e8mia de Belles Arts de Sabadell FP","og_url":"https:\/\/academiabellesarts.org\/esp\/cursos-i-tallers\/aula-de-nu\/","og_site_name":"Acad\u00e8mia de Belles Arts de Sabadell FP","article_modified_time":"2025-07-03T08:26:47+00:00","og_image":[{"width":750,"height":921,"url":"https:\/\/academiabellesarts.org\/wp-content\/uploads\/2023\/06\/IMG_2746.jpg","type":"image\/jpeg"}],"twitter_card":"summary_large_image","twitter_misc":{"Tiempo de lectura":"1 minuto"},"schema":{"@context":"https:\/\/schema.org","@graph":[{"@type":"WebPage","@id":"https:\/\/academiabellesarts.org\/cursos-i-tallers\/aula-de-nu\/","url":"https:\/\/academiabellesarts.org\/cursos-i-tallers\/aula-de-nu\/","name":"Aula oberta de dibuix de nu - Acad\u00e8mia de Belles Arts de Sabadell FP","isPartOf":{"@id":"https:\/\/academiabellesarts.org\/#website"},"primaryImageOfPage":{"@id":"https:\/\/academiabellesarts.org\/cursos-i-tallers\/aula-de-nu\/#primaryimage"},"image":{"@id":"https:\/\/academiabellesarts.org\/cursos-i-tallers\/aula-de-nu\/#primaryimage"},"thumbnailUrl":"https:\/\/academiabellesarts.org\/wp-content\/uploads\/2023\/06\/IMG_2746.jpg","datePublished":"2023-06-14T09:57:19+00:00","dateModified":"2025-07-03T08:26:47+00:00","breadcrumb":{"@id":"https:\/\/academiabellesarts.org\/cursos-i-tallers\/aula-de-nu\/#breadcrumb"},"inLanguage":"es","potentialAction":[{"@type":"ReadAction","target":["https:\/\/academiabellesarts.org\/cursos-i-tallers\/aula-de-nu\/"]}]},{"@type":"ImageObject","inLanguage":"es","@id":"https:\/\/academiabellesarts.org\/cursos-i-tallers\/aula-de-nu\/#primaryimage","url":"https:\/\/academiabellesarts.org\/wp-content\/uploads\/2023\/06\/IMG_2746.jpg","contentUrl":"https:\/\/academiabellesarts.org\/wp-content\/uploads\/2023\/06\/IMG_2746.jpg","width":750,"height":921},{"@type":"BreadcrumbList","@id":"https:\/\/academiabellesarts.org\/cursos-i-tallers\/aula-de-nu\/#breadcrumb","itemListElement":[{"@type":"ListItem","position":1,"name":"Inici","item":"https:\/\/academiabellesarts.org\/"},{"@type":"ListItem","position":2,"name":"Cursos i tallers","item":"https:\/\/academiabellesarts.org\/cursos-i-tallers\/"},{"@type":"ListItem","position":3,"name":"Aula oberta de dibuix de nu"}]},{"@type":"WebSite","@id":"https:\/\/academiabellesarts.org\/#website","url":"https:\/\/academiabellesarts.org\/","name":"Acad\u00e8mia de Belles Arts de Sabadell FP","description":"Entitat dedicada a la promoci\u00f3 i divulgaci\u00f3 de la cultura art\u00edstica local","publisher":{"@id":"https:\/\/academiabellesarts.org\/#organization"},"potentialAction":[{"@type":"SearchAction","target":{"@type":"EntryPoint","urlTemplate":"https:\/\/academiabellesarts.org\/?s={search_term_string}"},"query-input":{"@type":"PropertyValueSpecification","valueRequired":true,"valueName":"search_term_string"}}],"inLanguage":"es"},{"@type":"Organization","@id":"https:\/\/academiabellesarts.org\/#organization","name":"Acad\u00e8mia de Belles Arts de Sabadell FP","url":"https:\/\/academiabellesarts.org\/","logo":{"@type":"ImageObject","inLanguage":"es","@id":"https:\/\/academiabellesarts.org\/#\/schema\/logo\/image\/","url":"https:\/\/academiabellesarts.org\/wp-content\/uploads\/2024\/03\/cropped-logos-junts.png","contentUrl":"https:\/\/academiabellesarts.org\/wp-content\/uploads\/2024\/03\/cropped-logos-junts.png","width":3367,"height":960,"caption":"Acad\u00e8mia de Belles Arts de Sabadell FP"},"image":{"@id":"https:\/\/academiabellesarts.org\/#\/schema\/logo\/image\/"},"sameAs":["https:\/\/www.instagram.com\/academiabellesarts\/"]}]}},"taxonomy_info":[],"featured_image_src_large":["https:\/\/academiabellesarts.org\/wp-content\/uploads\/2023\/06\/IMG_2746.jpg",750,921,false],"author_info":{"display_name":"admin","author_link":"https:\/\/academiabellesarts.org\/esp\/author\/admin_2ekuakj4\/"},"comment_info":0,"_links":{"self":[{"href":"https:\/\/academiabellesarts.org\/esp\/wp-json\/wp\/v2\/pages\/137","targetHints":{"allow":["GET"]}}],"collection":[{"href":"https:\/\/academiabellesarts.org\/esp\/wp-json\/wp\/v2\/pages"}],"about":[{"href":"https:\/\/academiabellesarts.org\/esp\/wp-json\/wp\/v2\/types\/page"}],"author":[{"embeddable":true,"href":"https:\/\/academiabellesarts.org\/esp\/wp-json\/wp\/v2\/users\/1"}],"replies":[{"embeddable":true,"href":"https:\/\/academiabellesarts.org\/esp\/wp-json\/wp\/v2\/comments?post=137"}],"version-history":[{"count":5,"href":"https:\/\/academiabellesarts.org\/esp\/wp-json\/wp\/v2\/pages\/137\/revisions"}],"predecessor-version":[{"id":3523,"href":"https:\/\/academiabellesarts.org\/esp\/wp-json\/wp\/v2\/pages\/137\/revisions\/3523"}],"up":[{"embeddable":true,"href":"https:\/\/academiabellesarts.org\/esp\/wp-json\/wp\/v2\/pages\/19"}],"wp:featuredmedia":[{"embeddable":true,"href":"https:\/\/academiabellesarts.org\/esp\/wp-json\/wp\/v2\/media\/143"}],"wp:attachment":[{"href":"https:\/\/academiabellesarts.org\/esp\/wp-json\/wp\/v2\/media?parent=137"}],"curies":[{"name":"wp","href":"https:\/\/api.w.org\/{rel}","templated":true}]}}